{"id":5195,"date":"2023-09-07T15:34:35","date_gmt":"2023-09-07T13:34:35","guid":{"rendered":"https:\/\/cozyapartments.ro\/?page_id=5195"},"modified":"2023-11-22T12:49:21","modified_gmt":"2023-11-22T10:49:21","slug":"politica-de-confidentialitate","status":"publish","type":"page","link":"https:\/\/cozyapartments.ro\/en\/politica-de-confidentialitate\/","title":{"rendered":"Privacy Policy"},"content":{"rendered":"<div data-elementor-type=\"wp-page\" data-elementor-id=\"5195\" class=\"elementor elementor-5195\">\n\t\t\t\t\t\t<section class=\"elementor-section elementor-top-section elementor-element elementor-element-45b5923 elementor-section-full_width elementor-section-height-default elementor-section-height-default\" data-id=\"45b5923\" data-element_type=\"section\" data-e-type=\"section\">\n\t\t\t\t\t\t<div class=\"elementor-container elementor-column-gap-no\">\n\t\t\t\t\t<div class=\"elementor-column elementor-col-100 elementor-top-column elementor-element elementor-element-e39f301\" data-id=\"e39f301\" data-element_type=\"column\" data-e-type=\"column\">\n\t\t\t<div class=\"elementor-widget-wrap elementor-element-populated\">\n\t\t\t\t\t\t<div class=\"elementor-element elementor-element-4972d0c elementor-widget elementor-widget-kinsley-intro\" data-id=\"4972d0c\" data-element_type=\"widget\" data-e-type=\"widget\" data-widget_type=\"kinsley-intro.default\">\n\t\t\t\t<div class=\"elementor-widget-container\">\n\t\t\t\t\t\n    <!-- banner -->\n    <section class=\"knsl-banner-simple knsl-transition-bottom\">\n      \n      <div class=\"container\">\n        <div class=\"row\">\n          <div class=\"col-lg-12\">\n\n            <div class=\"knsl-center knsl-title-frame\">\n                            <h1 class=\"knsl-title--h knsl-mb-20 knsl-h1-inner\">\n                <span >\n                    Privacy Policy                <\/span>\n              <\/h1>\n                                          <p class=\"knsl-text knsl-mb-30\">\n                <span >\n                    Politica de Confiden\u021bialitate Cozy Apartments.                <\/span>\n              <\/p>\n              \n              <ul class=\"knsl-breadcrumbs\"><li><a href=\"https:\/\/cozyapartments.ro\/en\" title=\"Cozy Apartments\">Home<\/a><\/li><li class=\"tst-active\"><a><\/a><\/li><\/ul>\n            <\/div>\n\n          <\/div>\n        <\/div>\n      <\/div>\n    <\/section>\n    <!-- banner end -->\n\n\t\t\t\t\t\t<\/div>\n\t\t\t\t<\/div>\n\t\t\t\t<section class=\"elementor-section elementor-inner-section elementor-element elementor-element-dc26c22 terms-and-conditions elementor-section-boxed elementor-section-height-default elementor-section-height-default\" data-id=\"dc26c22\" data-element_type=\"section\" data-e-type=\"section\" data-settings=\"{&quot;background_background&quot;:&quot;classic&quot;}\">\n\t\t\t\t\t\t<div class=\"elementor-container elementor-column-gap-default\">\n\t\t\t\t\t<div class=\"elementor-column elementor-col-100 elementor-inner-column elementor-element elementor-element-efb1328\" data-id=\"efb1328\" data-element_type=\"column\" data-e-type=\"column\" data-settings=\"{&quot;background_background&quot;:&quot;classic&quot;}\">\n\t\t\t<div class=\"elementor-widget-wrap elementor-element-populated\">\n\t\t\t\t\t\t<div class=\"elementor-element elementor-element-43d9605 politics-wrapper elementor-widget elementor-widget-html\" data-id=\"43d9605\" data-element_type=\"widget\" data-e-type=\"widget\" data-widget_type=\"html.default\">\n\t\t\t\t<div class=\"elementor-widget-container\">\n\t\t\t\t\t<p>Ultima actualizare: 20.10.2023<\/p>\n\n<h4>Informa\u021bii despre companie:<\/h4>\n\n<ul>\n \t<li aria-level=\"1\"><b>Compania:<\/b> SC HIGH SERVICES INVEST SRL<\/li>\n \t<li><b>Registrul Comer\u0163ului:<\/b> J22\/31\/2018<\/li>\n \t<li aria-level=\"1\"><b>CUI:<\/b> RO 38667754<\/li>\n \t<li aria-level=\"1\"><b>Email:<\/b> contact@cozyapartments.ro<\/li>\n \t<li><b>Adresa:<\/b> <span id=\"compAddr\" class=\"date-contact_items fw-bold d-inline-block text-capitalize\">Jud. Ia\u015fi, Mun. Ia\u015fi, Str. Mihai Vod\u0103 Viteazul, Nr.3-5-7, Sc. B, Et. 5, Ap. 34<\/span><\/li>\n<\/ul>\n\n<p>Bine ai venit la SC HIGH SERVICES INVEST SRL, \u00eenregistrat\u0103 la Registrul Comer\u021bului sub num\u0103rul J22\/31\/2018, cu cod unic de \u00eenregistrare fiscal\u0103 RO 38667754 (denumit\u0103 \u00een continuare \"Cozy Apartments\" sau \"Operatorul\" sau \"Noi\").<\/p>\n\n <p>Aceast\u0103 politic\u0103 de confiden\u021bialitate este conceput\u0103 pentru a te informa cu privire la modul \u00een care Cozy Apartments colecteaz\u0103, utilizeaz\u0103 \u0219i protejeaz\u0103 datele tale personale \u00een calitatea noastr\u0103 de furnizor de servicii de cazare \u0219i \u00eenchirieri imobile.<\/p>\n\n\n <p>\u00cen cazul \u00een care ai \u00eentreb\u0103ri sau nel\u0103muriri cu privire la aceast\u0103 politic\u0103 sau la modul \u00een care Cozy Apartments prelucreaz\u0103 datele tale, te rug\u0103m s\u0103 ne contactezi la adresa de e-mail gdpr@cozyapartments.ro.\n<\/p>\n    \n<h4>1. Colectarea \u0219i Prelucrarea Datelor Personale<\/h4>\n\n <p>1.1. Defini\u021bie a Datelor Personale: Prin \"date personale\" \u00een\u021belegem orice informa\u021bii care te pot identifica direct (cum ar fi numele \u0219i prenumele) sau indirect (cum ar fi adresa de e-mail sau adresa IP). Aceste informa\u021bii includ \u0219i date mai pu\u021bin evidente, cum ar fi preferin\u021bele tale sau obiceiurile de cump\u0103r\u0103turi, care, \u00een context, te pot identifica \u0219i sunt considerate date personale.<\/p>\n\n\n <p>1.2. Date Colectate: Politica Cozy Apartments se bazeaz\u0103 pe colectarea \u0219i prelucrarea doar a datelor strict necesare pentru a-\u021bi oferi o experien\u021b\u0103 de navigare \u0219i achizi\u021bie de servicii de cazare pl\u0103cut\u0103 pe site-ul nostru <a href=\"https:\/\/cozyapartments.ro\/en\/\" target=\"_new\">https:\/\/www.cozyapartments.ro<\/a>.<\/p>\n\n\n<p>\u00cen general, colect\u0103m urm\u0103toarele tipuri de date despre tine: <\/p>\n<ul>\n \t<li>Nume \u0219i prenume;<\/li>\n \t<li>Adres\u0103 de e-mail;<\/li>\n \t<li>Num\u0103rul de telefon;<\/li>\n \t<li>Geo-localizarea general\u0103 a dispozitivului utilizat pentru navigare sau autentificare pe contul de client;<\/li>\n \t<li>Informa\u021bii despre serviciile achizi\u021bionate;<\/li>\n \t<li>Comportamentul \u0219i activit\u0103\u021bile tale pe site;<\/li>\n \t<li>Preferin\u021be \u0219i interese legate de serviciile noastre.<\/li>\n<\/ul>\n\n<p>1.3. V\u00e2rsta minim\u0103: Cozy Apartments nu prelucreaz\u0103 date personale ale clien\u021bilor care nu au \u00eemplinit v\u00e2rsta de 18 ani. \u00cen procesul de creare a unui cont de client, utilizatorii trebuie s\u0103 confirme c\u0103 au \u00eemplinit v\u00e2rsta de 18 ani.<\/p>\n\n\n<p>1.4. Comentarii \u0219i Cookie-uri: Dac\u0103 la\u0219i un comentariu pe site-ul nostru, po\u021bi opta pentru salvarea numelui, adresei de e-mail \u0219i site-ului web \u00een cookie-uri pentru a-\u021bi u\u0219ura completarea datelor atunci c\u00e2nd la\u0219i alte comentarii. De asemenea, folosim cookie-uri temporare pentru a verifica acceptarea cookie-urilor de c\u0103tre browserul t\u0103u \u0219i pentru a men\u021bine informa\u021biile tale de autentificare.<\/p>\n\n\n<p>1.5. Persisten\u021ba Cookie-urilor: Dac\u0103 selectezi op\u021biunea \"\u021aine-m\u0103 minte\" la autentificare, cookie-urile de conectare vor fi stocate timp de dou\u0103 s\u0103pt\u0103m\u00e2ni. \u00cen cazul deconect\u0103rii din cont, cookie-urile de conectare vor fi eliminate.<\/p>\n    \n<h4>2. P\u0103strarea datelor<\/h4>\n\n<p>2.1. Cozy Apartments prelucreaz\u0103 datele tale pentru perioada necesar\u0103 \u00eendeplinirii scopurilor pentru care acestea au fost colectate \u0219i \u00een conformitate cu politicile noastre de reten\u021bie a datelor personale. Anumite prevederi legale pot impune sau permite p\u0103strarea datelor pentru o perioad\u0103 mai \u00eendelungat\u0103.<\/p>\n\n\n<p>2.2. Comentariile \u0219i metadatele acestora sunt p\u0103strate la nesf\u00e2r\u0219it pentru a permite recunoa\u0219terea \u0219i aprobarea automat\u0103 a comentariilor ulterioare.<\/p>\n\n\n<p>2.3. Pentru utilizatorii \u00eenregistra\u021bi pe site-ul nostru, stoc\u0103m informa\u021biile personale furnizate \u00een profilurile lor de utilizator.<\/p>\n\n\n<p>2.4. Perioada de p\u0103strare a datelor depinde de scopurile pentru care le-am colectat, de statutul contului t\u0103u de client \u0219i de orice consim\u021b\u0103m\u00e2nt exprimat de tine.<\/p>\n\n\n<p>2.5. Perioada de p\u0103strare a datelor depinde \u00een principal de urm\u0103toarele:<p>\n<ul>\n \t<li>pentru ce perioad\u0103 avem nevoie de datele tale pentru a-\u021bi oferi serviciile solicitate \u0219i a ne \u00eendeplini obliga\u021biile fa\u021b\u0103 de tine \u0219i pentru scopurile men\u021bionate mai sus \u00een prezenta Politic\u0103;<\/li>\n \t<li>dac\u0103 ai un cont de client deschis pe website-ul https:\/\/www.cozyapartments.ro. \u00cen acest caz vom p\u0103stra datele tale c\u00e2t timp acest cont de client este activ, dar nu mai mult de 5 (cinci) ani de la data ultimei autentific\u0103ri \u00een cont; te vom notifica \u00eenainte de a \u00eenchide contul t\u0103u de client \u0219i a \u0219terge toate datele asociate acestui cont de client;<\/li>\n \t<li>dac\u0103 \u021bi-ai exprimat consim\u021b\u0103m\u00e2ntul pentru prelucrarea datelor pentru o perioad\u0103 mai mare, vom men\u021bine datele pe toat\u0103 aceast\u0103 perioad\u0103, cu excep\u021bia cazului \u00een care \u00ee\u021bi retragi \u00eentre timp consim\u021b\u0103m\u00e2ntul;<\/li>\n \t<li>obliga\u021biile legale sau contractuale ne impun p\u0103strarea datelor tale pentru o anumit\u0103 perioad\u0103 de timp (de exemplu perioadele prescrise de lege pentru ap\u0103rarea drepturilor noastre \u00een justi\u021bie).<\/li>\n<\/ul>\n<h5>-<\/h5>\n<p>2.6. Vom p\u0103stra datele tale at\u00e2ta timp c\u00e2t de\u021bii un cont de client activ \u0219i\/sau efectuezi achizi\u021bii pe <a href=\"https:\/\/cozyapartments.ro\/en\/\" target=\"_new\">https:\/\/www.cozyapartments.ro<\/a>. \u00cen cazul \u00een care \u00ee\u021bi dezactivezi contul de client \u0219i soliciti \u0219tergerea datelor, acestea vor fi \u0219terse sau anonimizate, cu excep\u021bia cazurilor \u00een care suntem obliga\u021bi s\u0103 le p\u0103str\u0103m mai mult \u00een conformitate cu legea sau interesul nostru legitim.<\/p>\n\n\n<p>2.7. Folosim datele tale numai \u00een scopurile pentru care ai dat consim\u021b\u0103m\u00e2nt sau pentru care suntem obliga\u021bi din punct de vedere legal.<\/p>\n\n\n<p>*<em>Consim\u021b\u0103m\u00e2nt<\/em> \u2013 \u00eenseamn\u0103 acordul t\u0103u liber, specific \u0219i informat prin care accep\u021bi f\u0103r\u0103 dubiu ca datele tale s\u0103 fie prelucrate de c\u0103tre Noi \u00een scopul pentru care \u00ee\u021bi dai acordul. \u00cen website-ul nostru \u00ee\u021bi po\u021bi exprima consim\u021b\u0103m\u00e2ntul prin ac\u021biunea ta de a bifa c\u0103su\u021ba relevant\u0103\u00a0asociat\u0103 scopului \u0219i mijlocului de prelucrare precizat \u00een prezenta Not\u0103 de informare.<\/p>\n\n\n<h4>3. Partajarea datelor<\/h4>\n\n<p>3.1. Partaj\u0103m datele tale cu partenerii no\u0219tri \u00een scopuri de marketing, pentru a-\u021bi oferi oferte personalizate bazate pe preferin\u021bele tale. Aceasta poate implica prelucrarea datelor cu ter\u021be p\u0103r\u021bi, cum ar fi Facebook \u0219i Google Ads, pentru a-\u021bi furniza oferte personalizate.<\/p>\n\n\n<p>3.2. Partaj\u0103m datele tale cu partenerii no\u0219tri \u00een scopuri de marketing, pentru a-\u021bi oferi oferte personalizate bazate pe preferin\u021bele tale. Aceasta poate implica prelucrarea datelor cu ter\u021be p\u0103r\u021bi, cum ar fi Facebook \u0219i Google Ads, pentru a-\u021bi furniza oferte personalizate.<\/p>\n\n\n<p>3.3. Articolele de pe site-ul nostru pot con\u021bine con\u021binut \u00eencorporat de la alte site-uri web, cum ar fi videoclipuri sau imagini. Aceste site-uri web pot colecta date despre tine \u0219i pot utiliza cookie-uri pentru a monitoriza interac\u021biunea ta cu con\u021binutul \u00eencorporat.<\/p>\n\n\n<p>3.4. Informa\u021biile colectate pe acest site sunt gestionate de Google Analytics pentru analize statistice. Pentru mai multe informa\u021bii despre modul \u00een care Google Analytics colecteaz\u0103 \u0219i prelucreaz\u0103 datele, te rug\u0103m s\u0103 consul\u021bi politica lor de confiden\u021bialitate.<\/p>\n\n\n<h4>4. Securitatea datelor<\/h4>\n\n\n<p>4.1. Cozy Apartments ia m\u0103suri pentru a proteja datele tale personale \u00eempotriva accesului neautorizat, pierderii, distrugerii sau alter\u0103rii acestora. Aplic\u0103m m\u0103suri tehnice \u0219i organizatorice adecvate pentru a ne asigura c\u0103 datele tale sunt protejate \u0219i confiden\u021biale.<\/p>\n\n\n<p>4.2. Cu toate acestea, trebuie s\u0103 ai \u00een vedere c\u0103 nicio metod\u0103 de transmitere a informa\u021biilor prin internet sau de stocare electronic\u0103 nu este 100% sigur\u0103. \u00cen ciuda eforturilor noastre de a proteja datele tale personale, nu putem garanta securitatea absolut\u0103 a acestora.<\/p>\n\n\n<h4>5. Drepturile dvs.<\/h4>\n\n\n<p>5.1. \u00cen conformitate cu Regulamentul (UE) 2016\/679 privind protec\u021bia datelor (GDPR), v\u0103 conferim dreptul de a accesa, rectifica sau \u0219terge datele personale, de a restric\u021biona prelucrarea lor sau de a v\u0103 opune prelucr\u0103rii \u00een anumite condi\u021bii.<\/p>\n\n\n<p>5.2. Pentru a v\u0103 asigura c\u0103 ave\u021bi controlul deplin asupra datelor Dumneavoastr\u0103, dorim s\u0103 v\u0103 inform\u0103m cu privire la op\u021biunile disponibile pe baza tehnologiilor la dispozi\u021bie:<\/p>\n<ul>\n \t<li>Pute\u021bi gestiona accesul, rectificarea sau \u0219tergerea direct\u0103 a datelor disponibile \u00een contul Dumneavoastr\u0103 de client din sec\u021biunea dedicat\u0103 a contului.<\/li>\n<\/ul>\n<ul>\n \t<li>Ave\u021bi posibilitatea de a \u0219terge cookie-urile sau istoricul navig\u0103rii din set\u0103rile website-ului nostru; de asemenea, pute\u021bi modifica set\u0103rile browser-ului pentru a restric\u021biona urm\u0103rirea comportamentului online prin cookie-uri pe site-ul nostru (v\u0103 rug\u0103m s\u0103 re\u021bine\u021bi c\u0103 aceast\u0103 restric\u021bie poate afecta experien\u021ba de navigare).<\/li>\n<\/ul>\n<ul>\n \t<li>Platformele de social media \u0219i motoarele de c\u0103utare (cum ar fi Google sau Facebook) v\u0103 permit s\u0103 gestiona\u021bi diverse op\u021biuni referitoare la modul \u00een care acestea prelucreaz\u0103 datele Dumneavoastr\u0103.<\/li>\n<\/ul>\n\n<p>5.3. \u00cen plus fa\u021b\u0103 de op\u021biunile men\u021bionate mai sus, GDPR v\u0103 confer\u0103, \u00een calitate de persoan\u0103 vizat\u0103, urm\u0103toarele drepturi. \u00cenainte de a procesa orice cerere referitoare la drepturile Dumneavoastr\u0103, ne vom asigura c\u0103 sunte\u021bi titularul datelor la care dori\u021bi s\u0103 v\u0103 exercita\u021bi aceste drepturi. \u00cen acest scop, v\u0103 putem solicita informa\u021bii sau date suplimentare pentru a verifica identitatea Dumneavoastr\u0103, sau putem solicita clarific\u0103ri cu privire la cererea Dumneavoastr\u0103. Coresponden\u021ba noastr\u0103 va fi \u00eenregistrat\u0103 pentru a \u021bine eviden\u021ba cererilor \u0219i a r\u0103spunsurilor referitoare la drepturile Dumneavoastr\u0103.<\/p>\n<h5>-<\/h5>\n\n<p>5.4. Dreptul la informare. Ave\u021bi dreptul s\u0103 primi\u021bi informa\u021bii clare, transparente, u\u0219or de \u00een\u021beles \u0219i u\u0219or accesibile cu privire la modul \u00een care prelucr\u0103m datele Dumneavoastr\u0103, inclusiv detalii despre drepturile Dumneavoastr\u0103 \u00een calitate de persoan\u0103 vizat\u0103. Aceste informa\u021bii sunt incluse \u0219i \u00een prezentul document.<\/p>\n\n\n<p>5.5. Dreptul de acces la date. Ave\u021bi dreptul s\u0103 accesa\u021bi datele Dumneavoastr\u0103 prelucrate de noi, f\u0103r\u0103 a fi perceput\u0103 o tax\u0103 la prima cerere. Pentru copii ale datelor deja furnizate, vom percepe o tax\u0103 rezonabil\u0103 pentru a acoperi costurile administrative. Ne rezerv\u0103m dreptul de a respinge cereri excesive sau nejustificate.<\/p>\n\n<p>Pentru a exercita dreptul de acces, v\u0103 rug\u0103m s\u0103 ne trimite\u021bi solicitarea la adresa de e-mail:<\/p>\n<ul>\n \t<li><strong>E-mail: gdpr@cozyapartments.ro<\/strong><\/li>\n<\/ul>\n\n\n<p>5.6. Dreptul la rectificarea datelor. Dac\u0103 identifica\u021bi date incorecte, incomplete sau inexacte \u00een datele Dumneavoastr\u0103 pe care le prelucr\u0103m, v\u0103 rug\u0103m s\u0103 ne trimite\u021bi o solicitare de rectificare la adresa de e-mail: gdpr@cozyapartments.ro<\/p>\n\n\n<p>5.7. Dreptul de a v\u0103 opune marketing-ului direct (inclusiv profilarea \u00een scopuri de marketing direct). Ave\u021bi posibilitatea s\u0103 v\u0103 dezabona\u021bi oric\u00e2nd de la comunic\u0103rile noastre de marketing direct f\u0103c\u00e2nd clic pe link-ul \"dezabonare\" din orice e-mail pe care vi-l trimitem sau din sec\u021biunea \"Set\u0103ri cont\" a contului Dumneavoastr\u0103.<\/p>\n\n\n<p>5.8. Pute\u021bi opta pentru retragerea consim\u021b\u0103m\u00e2ntului acordat anterior pentru primirea de oferte personalizate bazate pe profilare, prin acelea\u0219i canale prin care v\u0103 comunic\u0103m aceste oferte, cum ar fi e-mail, SMS sau notific\u0103ri push. Retragerea consim\u021b\u0103m\u00e2ntului (prin dezabonare sau solicitare scris\u0103) nu afecteaz\u0103 legalitatea prelucr\u0103rii bazate pe consim\u021b\u0103m\u00e2nt \u00eenainte de retragerea acestuia.<\/p>\n<h5>-<\/h5>\n\n<p>5.9. Dreptul de a v\u0103 opune prelucr\u0103rii bazate pe interes legitim. Ave\u021bi dreptul s\u0103 v\u0103 opune\u021bi oric\u00e2nd prelucr\u0103rii datelor atunci c\u00e2nd ne baz\u0103m pe interesul nostru legitim. Acest drept poate fi exercitat prin transmiterea unei solicit\u0103ri scrise la adresa de e-mail: gdpr@cozyapartments.ro<\/p>\n\n\n<p>5.10. Dreptul de \u0219tergere a datelor (dreptul de a fi uitat). Ave\u021bi dreptul de a solicita \u0219tergerea datelor Dumneavoastr\u0103 \u00een urm\u0103toarele situa\u021bii:<\/p>\n<ul>\n \t<li>Datele personale nu mai sunt necesare pentru scopurile ini\u021biale de prelucrare;<\/li>\n \t<li>V\u0103 retrage\u021bi consim\u021b\u0103m\u00e2ntul pe baza c\u0103ruia am prelucrat datele Dumneavoastr\u0103 \u0219i nu exist\u0103 alt temei juridic pentru prelucrarea ulterioar\u0103;<\/li>\n \t<li>V\u0103 opune\u021bi prelucr\u0103rii datelor \u00een scop de marketing direct (inclusiv profilarea \u00een scop de marketing direct);<\/li>\n \t<li>V\u0103 opune\u021bi prelucr\u0103rii datelor pe baza interesului nostru legitim \u0219i nu putem demonstra c\u0103 exist\u0103 motive legitime care prevaleaz\u0103 asupra intereselor, drepturilor \u0219i libert\u0103\u021bilor Dumneavoastr\u0103;<\/li>\n \t<li>Datele personale sunt prelucrate ilegal;<\/li>\n \t<li>Datele personale trebuie \u0219terse pentru a ne conforma obliga\u021biilor legale. Este important de men\u021bionat c\u0103 acest drept nu este absolut, putem refuza solicitarea dumneavoastr\u0103 de \u0219tergere \u00een anumite circumstan\u021be, cum ar fi obliga\u021biile legale de p\u0103strare a datelor sau necesitatea datelor pentru exercitarea unor drepturi legale. Pentru a exercita acest drept, v\u0103 rug\u0103m s\u0103 ne trimite\u021bi o solicitare scris\u0103 la adresa de e-mail: <a href=\"mailto:gdpr@cozyapartments.ro\" target=\"_new\">gdpr@cozyapartments.ro<\/a><\/li>\n<\/ul>\n<h5>-<\/h5>\n<p>5.11. Dreptul de a restric\u021biona prelucrarea datelor. Ave\u021bi dreptul s\u0103 solicita\u021bi restric\u021bionarea prelucr\u0103rii datelor Dumneavoastr\u0103 \u00een urm\u0103toarele situa\u021bii:<\/p>\n<ul>\n \t<li>Exactitatea datelor este contestat\u0103 \u0219i avem nevoie de timp pentru a verifica corectitudinea acestora;<\/li>\n \t<li>Prelucrarea datelor este ilegal\u0103 \u0219i v\u0103 opune\u021bi \u0219tergerii acestora, solicit\u00e2nd restric\u021bionarea;<\/li>\n \t<li>Datele Dumneavoastr\u0103 nu ne mai sunt necesare, dar le solicita\u021bi pentru stabilirea, exercitarea sau ap\u0103rarea unor preten\u021bii legale;<\/li>\n \t<li>V\u0103 opune\u021bi prelucr\u0103rii datelor pe baza interesului nostru legitim, \u00een a\u0219teptarea verific\u0103rii dac\u0103 motivele noastre legitime prevaleaz\u0103 asupra intereselor Dumneavoastr\u0103.<\/li>\n \t<li>Pentru a exercita acest drept, v\u0103 rug\u0103m s\u0103 ne trimite\u021bi o solicitare scris\u0103 la adresa de e-mail: <a href=\"mailto:gdpr@cozyapartments.ro\" target=\"_new\">gdpr@cozyapartments.ro<\/a><\/li>\n<\/ul>\n\n<p>5.12. Dreptul de a depune pl\u00e2ngeri la autoritatea de supraveghere. Ave\u021bi dreptul s\u0103 depune\u021bi pl\u00e2ngeri cu privire la modul \u00een care prelucr\u0103m datele Dumneavoastr\u0103 personale la Autoritatea Na\u021bional\u0103 de Supraveghere a Prelucr\u0103rii Datelor cu Caracter Personal (\u201eA.N.S.P.D.C.P.\u201d). Cu toate acestea, v\u0103 \u00eencuraj\u0103m s\u0103 discuta\u021bi mai \u00eent\u00e2i cu noi \u00eenainte de a depune pl\u00e2ngeri la A.N.S.P.D.C.P.<\/p> \n\n<p>Protec\u021bia datelor Dumneavoastr\u0103 este deosebit de important\u0103 pentru noi, iar noi vom face tot posibilul pentru a solu\u021biona orice problem\u0103 referitoare la controlul \u0219i securitatea datelor Dumneavoastr\u0103. De asemenea, pute\u021bi adresa \u00eentreb\u0103ri autorit\u0103\u021bii de supraveghere a protec\u021biei datelor din Rom\u00e2nia. Informa\u021bii suplimentare, ghiduri \u0219i linii directoare cu privire la drepturile Dumneavoastr\u0103 pot fi g\u0103site pe pagina web a autorit\u0103\u021bii: <a href=\"http:\/\/www.dataprotection.ro\/\" target=\"_new\" rel=\"nofollow noopener\">http:\/\/www.dataprotection.ro<\/a>.<\/p>\n\n<h4>6. Actualiz\u0103ri ale Politicii de Confiden\u021bialitate<\/h4>\n\n<p>6.1. Ne rezerv\u0103m dreptul de a actualiza sau modifica periodic aceast\u0103 politic\u0103 de confiden\u021bialitate. Orice modific\u0103ri vor fi publicate pe aceast\u0103 pagin\u0103, iar data actualiz\u0103rii va fi indicat\u0103 la \u00eenceputul documentului.<\/p>\n\n\n<p>6.2. Te rug\u0103m s\u0103 verifici \u00een mod regulat aceast\u0103 pagin\u0103 pentru a fi la curent cu modific\u0103rile aduse politicii de confiden\u021bialitate.<\/p>\n\n<h4>7. Consim\u021b\u0103m\u00e2ntul t\u0103u<\/h4>\n\n\n<p>7.1. Utiliz\u00e2nd site-ul nostru sau furniz\u00e2nd datele tale personale, \u00ee\u021bi exprimi consim\u021b\u0103m\u00e2ntul cu privire la prelucrarea datelor tale personale \u00een conformitate cu aceast\u0103 politic\u0103 de confiden\u021bialitate.<\/p>\n\n<p>7.2. Dac\u0103 nu e\u0219ti de acord cu prelucrarea datelor tale personale \u00een conformitate cu aceast\u0103 politic\u0103 de confiden\u021bialitate, te rug\u0103m s\u0103 nu folose\u0219ti site-ul nostru sau s\u0103 nu furnizezi datele tale personale.<\/p>\n\n<p>Aceast\u0103 politic\u0103 de confiden\u021bialitate a fost actualizat\u0103 pentru ultima dat\u0103 la data men\u021bionat\u0103 mai sus.<\/p>\t\t\t\t<\/div>\n\t\t\t\t<\/div>\n\t\t\t\t\t<\/div>\n\t\t<\/div>\n\t\t\t\t\t<\/div>\n\t\t<\/section>\n\t\t\t\t\t<\/div>\n\t\t<\/div>\n\t\t\t\t\t<\/div>\n\t\t<\/section>\n\t\t\t\t<\/div>","protected":false},"excerpt":{"rendered":"<p>Politica de Confiden\u021bialitate Politica de Confiden\u021bialitate Cozy Apartments. Home Ultima actualizare: 20.10.2023 Informa\u021bii despre companie: Compania: SC HIGH SERVICES INVEST&#8230; <span class=\"knsl-el-more\"><a href=\"https:\/\/cozyapartments.ro\/en\/politica-de-confidentialitate\/\" class=\"knsl-btn\">Read more<span class=\"screen-reader-text\">Read more&nbsp;Politica de Confiden\u021bialitate<\/span><\/a><\/span><\/p>","protected":false},"author":1,"featured_media":0,"parent":0,"menu_order":0,"comment_status":"closed","ping_status":"closed","template":"template-layout-builder.php","meta":{"footnotes":""},"class_list":["post-5195","page","type-page","status-publish","hentry"],"acf":[],"_links":{"self":[{"href":"https:\/\/cozyapartments.ro\/en\/wp-json\/wp\/v2\/pages\/5195","targetHints":{"allow":["GET"]}}],"collection":[{"href":"https:\/\/cozyapartments.ro\/en\/wp-json\/wp\/v2\/pages"}],"about":[{"href":"https:\/\/cozyapartments.ro\/en\/wp-json\/wp\/v2\/types\/page"}],"author":[{"embeddable":true,"href":"https:\/\/cozyapartments.ro\/en\/wp-json\/wp\/v2\/users\/1"}],"replies":[{"embeddable":true,"href":"https:\/\/cozyapartments.ro\/en\/wp-json\/wp\/v2\/comments?post=5195"}],"version-history":[{"count":59,"href":"https:\/\/cozyapartments.ro\/en\/wp-json\/wp\/v2\/pages\/5195\/revisions"}],"predecessor-version":[{"id":7479,"href":"https:\/\/cozyapartments.ro\/en\/wp-json\/wp\/v2\/pages\/5195\/revisions\/7479"}],"wp:attachment":[{"href":"https:\/\/cozyapartments.ro\/en\/wp-json\/wp\/v2\/media?parent=5195"}],"curies":[{"name":"wp","href":"https:\/\/api.w.org\/{rel}","templated":true}]}}